{"id":84892,"date":"2025-03-26T23:12:01","date_gmt":"2025-03-26T23:12:01","guid":{"rendered":"https:\/\/tictacbabies.com\/?post_type=product&#038;p=84892"},"modified":"2025-09-23T10:00:22","modified_gmt":"2025-09-23T10:00:22","slug":"conjunto-flores-e-vichy","status":"publish","type":"product","link":"https:\/\/tictacbabies.com\/en\/shop\/conjunto-flores-e-vichy\/","title":{"rendered":"Conjunto flores e vichy"},"content":{"rendered":"<p>Conjunto de camisa e cal\u00e7\u00f5es para rapariga.<\/p>\n<ul>\n<li>Lavar em programa delicado;<\/li>\n<li>100% algod\u00e3o;<\/li>\n<li>Feito \u00e0 m\u00e3o em Portugal.<\/li>\n<\/ul>\n","protected":false},"excerpt":{"rendered":"<p>Este nosso conjunto de rapariga,\u00e9 uma edi\u00e7\u00e3o limitada ideal para criar mem\u00f3rias inesquec\u00edveis. Feito numa combina\u00e7\u00e3o de\u00a0 tecido vichy cl\u00e1ssico e camisa num padr\u00e3o de flores , o conjunto destaca-se por uma camisa de sem mangas com folho com folhos tamb\u00e9m no corpo. Os cal\u00e7\u00f5es em\u00a0 vichy tornam este um conjunto muito especial.<\/p>\n<p><strong>Destaques:<\/strong><\/p>\n<ul>\n<li>Os cal\u00e7\u00f5es s\u00e3o forrados;<\/li>\n<li>Combina com o vestido, fofo e conjunto de rapaz.<\/li>\n<\/ul>\n<p>Este conjunto \u00e9 a combina\u00e7\u00e3o perfeita de um conjunto cl\u00e1ssico e confort\u00e1vel, tornando-o ideal tanto para o dia a dia como para dias mais especiais.<\/p>\n","protected":false},"featured_media":84793,"comment_status":"closed","ping_status":"closed","template":"","meta":{"site-sidebar-layout":"default","site-content-layout":"","ast-site-content-layout":"default","site-content-style":"default","site-sidebar-style":"default","ast-global-header-display":"","ast-banner-title-visibility":"","ast-main-header-display":"","ast-hfb-above-header-display":"","ast-hfb-below-header-display":"","ast-hfb-mobile-header-display":"","site-post-title":"","ast-breadcrumbs-content":"","ast-featured-img":"","footer-sml-layout":"","ast-disable-related-posts":"","theme-transparent-header-meta":"default","adv-header-id-meta":"","stick-header-meta":"","header-above-stick-meta":"","header-main-stick-meta":"","header-below-stick-meta":"","astra-migrate-meta-layouts":"set","ast-page-background-enabled":"default","ast-page-background-meta":{"desktop":{"background-color":"var(--ast-global-color-4)","background-image":"","background-repeat":"repeat","background-position":"center center","background-size":"auto","background-attachment":"scroll","background-type":"","background-media":"","overlay-type":"","overlay-color":"","overlay-opacity":"","overlay-gradient":""},"tablet":{"background-color":"","background-image":"","background-repeat":"repeat","background-position":"center center","background-size":"auto","background-attachment":"scroll","background-type":"","background-media":"","overlay-type":"","overlay-color":"","overlay-opacity":"","overlay-gradient":""},"mobile":{"background-color":"","background-image":"","background-repeat":"repeat","background-position":"center center","background-size":"auto","background-attachment":"scroll","background-type":"","background-media":"","overlay-type":"","overlay-color":"","overlay-opacity":"","overlay-gradient":""}},"ast-content-background-meta":{"desktop":{"background-color":"var(--ast-global-color-5)","background-image":"","background-repeat":"repeat","background-position":"center center","background-size":"auto","background-attachment":"scroll","background-type":"","background-media":"","overlay-type":"","overlay-color":"","overlay-opacity":"","overlay-gradient":""},"tablet":{"background-color":"var(--ast-global-color-5)","background-image":"","background-repeat":"repeat","background-position":"center center","background-size":"auto","background-attachment":"scroll","background-type":"","background-media":"","overlay-type":"","overlay-color":"","overlay-opacity":"","overlay-gradient":""},"mobile":{"background-color":"var(--ast-global-color-5)","background-image":"","background-repeat":"repeat","background-position":"center center","background-size":"auto","background-attachment":"scroll","background-type":"","background-media":"","overlay-type":"","overlay-color":"","overlay-opacity":"","overlay-gradient":""}}},"product_brand":[],"product_cat":[1272],"product_tag":[],"class_list":{"0":"post-84892","1":"product","2":"type-product","3":"status-publish","4":"has-post-thumbnail","6":"product_cat-outlet","7":"pa_size-3a","8":"pa_size-4a","9":"pa_size-6a","10":"pa_size-8a","11":"desktop-align-center","12":"tablet-align-left","13":"mobile-align-left","15":"first","16":"instock","17":"sale","18":"taxable","19":"shipping-taxable","20":"purchasable","21":"product-type-variable"},"_links":{"self":[{"href":"https:\/\/tictacbabies.com\/en\/wp-json\/wp\/v2\/product\/84892","targetHints":{"allow":["GET"]}}],"collection":[{"href":"https:\/\/tictacbabies.com\/en\/wp-json\/wp\/v2\/product"}],"about":[{"href":"https:\/\/tictacbabies.com\/en\/wp-json\/wp\/v2\/types\/product"}],"replies":[{"embeddable":true,"href":"https:\/\/tictacbabies.com\/en\/wp-json\/wp\/v2\/comments?post=84892"}],"version-history":[{"count":0,"href":"https:\/\/tictacbabies.com\/en\/wp-json\/wp\/v2\/product\/84892\/revisions"}],"wp:featuredmedia":[{"embeddable":true,"href":"https:\/\/tictacbabies.com\/en\/wp-json\/wp\/v2\/media\/84793"}],"wp:attachment":[{"href":"https:\/\/tictacbabies.com\/en\/wp-json\/wp\/v2\/media?parent=84892"}],"wp:term":[{"taxonomy":"product_brand","embeddable":true,"href":"https:\/\/tictacbabies.com\/en\/wp-json\/wp\/v2\/product_brand?post=84892"},{"taxonomy":"product_cat","embeddable":true,"href":"https:\/\/tictacbabies.com\/en\/wp-json\/wp\/v2\/product_cat?post=84892"},{"taxonomy":"product_tag","embeddable":true,"href":"https:\/\/tictacbabies.com\/en\/wp-json\/wp\/v2\/product_tag?post=84892"}],"curies":[{"name":"wp","href":"https:\/\/api.w.org\/{rel}","templated":true}]}}