{"id":86202,"date":"2025-03-26T23:10:17","date_gmt":"2025-03-26T23:10:17","guid":{"rendered":"https:\/\/tictacbabies.com\/?post_type=product&#038;p=86202"},"modified":"2025-09-22T15:02:38","modified_gmt":"2025-09-22T15:02:38","slug":"macaco-flores-com-laco-atras","status":"publish","type":"product","link":"https:\/\/tictacbabies.com\/en\/shop\/macaco-flores-com-laco-atras\/","title":{"rendered":"Macaco flores com la\u00e7o"},"content":{"rendered":"<p>Macaco curto flores com la\u00e7o atr\u00e1s.<\/p>\n<ul>\n<li>Lavar em programa delicado;<\/li>\n<li>100% algod\u00e3o;<\/li>\n<li>Feito \u00e0 m\u00e3o em Portugal.<\/li>\n<\/ul>\n","protected":false},"excerpt":{"rendered":"<p>Este macaco curto num padr\u00e3o\u00a0 cheio de flores , \u00e9 uma das pe\u00e7as desta esta\u00e7\u00e3o.<\/p>\n<p>Com folhos nos lados e um la\u00e7o grande atr\u00e1s\u00a0 \u00e9 uma pe\u00e7a muito pr\u00e1tica que n\u00e3o vai querer perder.<\/p>\n<p>Este macaco\u00a0 faz conjunto com a camisa do mesmo padr\u00e3o.<\/p>\n","protected":false},"featured_media":86191,"comment_status":"closed","ping_status":"closed","template":"","meta":{"site-sidebar-layout":"default","site-content-layout":"","ast-site-content-layout":"default","site-content-style":"default","site-sidebar-style":"default","ast-global-header-display":"","ast-banner-title-visibility":"","ast-main-header-display":"","ast-hfb-above-header-display":"","ast-hfb-below-header-display":"","ast-hfb-mobile-header-display":"","site-post-title":"","ast-breadcrumbs-content":"","ast-featured-img":"","footer-sml-layout":"","ast-disable-related-posts":"","theme-transparent-header-meta":"default","adv-header-id-meta":"","stick-header-meta":"","header-above-stick-meta":"","header-main-stick-meta":"","header-below-stick-meta":"","astra-migrate-meta-layouts":"set","ast-page-background-enabled":"default","ast-page-background-meta":{"desktop":{"background-color":"var(--ast-global-color-4)","background-image":"","background-repeat":"repeat","background-position":"center center","background-size":"auto","background-attachment":"scroll","background-type":"","background-media":"","overlay-type":"","overlay-color":"","overlay-opacity":"","overlay-gradient":""},"tablet":{"background-color":"","background-image":"","background-repeat":"repeat","background-position":"center center","background-size":"auto","background-attachment":"scroll","background-type":"","background-media":"","overlay-type":"","overlay-color":"","overlay-opacity":"","overlay-gradient":""},"mobile":{"background-color":"","background-image":"","background-repeat":"repeat","background-position":"center center","background-size":"auto","background-attachment":"scroll","background-type":"","background-media":"","overlay-type":"","overlay-color":"","overlay-opacity":"","overlay-gradient":""}},"ast-content-background-meta":{"desktop":{"background-color":"var(--ast-global-color-5)","background-image":"","background-repeat":"repeat","background-position":"center center","background-size":"auto","background-attachment":"scroll","background-type":"","background-media":"","overlay-type":"","overlay-color":"","overlay-opacity":"","overlay-gradient":""},"tablet":{"background-color":"var(--ast-global-color-5)","background-image":"","background-repeat":"repeat","background-position":"center center","background-size":"auto","background-attachment":"scroll","background-type":"","background-media":"","overlay-type":"","overlay-color":"","overlay-opacity":"","overlay-gradient":""},"mobile":{"background-color":"var(--ast-global-color-5)","background-image":"","background-repeat":"repeat","background-position":"center center","background-size":"auto","background-attachment":"scroll","background-type":"","background-media":"","overlay-type":"","overlay-color":"","overlay-opacity":"","overlay-gradient":""}}},"product_brand":[],"product_cat":[1272],"product_tag":[],"class_list":{"0":"post-86202","1":"product","2":"type-product","3":"status-publish","4":"has-post-thumbnail","6":"product_cat-outlet","7":"pa_tamanho-3a","8":"pa_tamanho-4a","9":"pa_tamanho-6a","10":"pa_tamanho-8a","11":"desktop-align-center","12":"tablet-align-left","13":"mobile-align-left","15":"first","16":"instock","17":"sale","18":"taxable","19":"shipping-taxable","20":"purchasable","21":"product-type-variable"},"_links":{"self":[{"href":"https:\/\/tictacbabies.com\/en\/wp-json\/wp\/v2\/product\/86202","targetHints":{"allow":["GET"]}}],"collection":[{"href":"https:\/\/tictacbabies.com\/en\/wp-json\/wp\/v2\/product"}],"about":[{"href":"https:\/\/tictacbabies.com\/en\/wp-json\/wp\/v2\/types\/product"}],"replies":[{"embeddable":true,"href":"https:\/\/tictacbabies.com\/en\/wp-json\/wp\/v2\/comments?post=86202"}],"version-history":[{"count":0,"href":"https:\/\/tictacbabies.com\/en\/wp-json\/wp\/v2\/product\/86202\/revisions"}],"wp:featuredmedia":[{"embeddable":true,"href":"https:\/\/tictacbabies.com\/en\/wp-json\/wp\/v2\/media\/86191"}],"wp:attachment":[{"href":"https:\/\/tictacbabies.com\/en\/wp-json\/wp\/v2\/media?parent=86202"}],"wp:term":[{"taxonomy":"product_brand","embeddable":true,"href":"https:\/\/tictacbabies.com\/en\/wp-json\/wp\/v2\/product_brand?post=86202"},{"taxonomy":"product_cat","embeddable":true,"href":"https:\/\/tictacbabies.com\/en\/wp-json\/wp\/v2\/product_cat?post=86202"},{"taxonomy":"product_tag","embeddable":true,"href":"https:\/\/tictacbabies.com\/en\/wp-json\/wp\/v2\/product_tag?post=86202"}],"curies":[{"name":"wp","href":"https:\/\/api.w.org\/{rel}","templated":true}]}}