{"id":89860,"date":"2026-03-05T13:43:17","date_gmt":"2026-03-05T13:43:17","guid":{"rendered":"https:\/\/tictacbabies.com\/?post_type=product&#038;p=89860"},"modified":"2026-03-05T13:43:17","modified_gmt":"2026-03-05T13:43:17","slug":"fofo-flores","status":"publish","type":"product","link":"https:\/\/tictacbabies.com\/en\/shop\/fofo-flores\/","title":{"rendered":"Fofo flores"},"content":{"rendered":"<p>Um fofo muito querido, num padr\u00e3o de flores com detalhes brancos e bot\u00f5es \u00e0 frente. Fresco, confort\u00e1vel e cheio de charme, \u00e9 perfeito para dias de ver\u00e3o e momentos especiais em fam\u00edlia. <\/p>\n","protected":false},"excerpt":{"rendered":"<p data-start=\"91\" data-end=\"337\">A very sweet romper, designed for beautiful summer days and for moments full of tenderness. In a soft floral print, this style stands out for its carefully finished details and the lovely touches that make it even more special. <\/p>\n<p data-start=\"339\" data-end=\"692\">The white ruffle collar and the front buttons give it a classic, polished look, while the sleeves with white detailing add even more charm to the piece. The cut was designed to be comfortable and fresh, allowing babies to move freely throughout the day \u2014 perfect for playing, outings, and enjoying special family moments. <\/p>\n<p data-start=\"694\" data-end=\"915\">It is a practical, beautiful, and charming piece that looks lovely on its own or paired with other pieces from the same line.<\/p>\n<p data-start=\"917\" data-end=\"930\"><strong data-start=\"917\" data-end=\"930\">Details:<\/strong><\/p>\n<ul data-start=\"931\" data-end=\"1093\">\n<li data-start=\"931\" data-end=\"971\">\n<p data-start=\"933\" data-end=\"971\">Sizes from 6 months to 2 years;<\/p>\n<\/li>\n<li data-start=\"997\" data-end=\"1039\">\n<p data-start=\"999\" data-end=\"1039\">Fully lined;<\/p>\n<\/li>\n<li data-start=\"1040\" data-end=\"1066\">\n<p data-start=\"1042\" data-end=\"1066\">100% cotton;<\/p>\n<\/li>\n<li data-start=\"1067\" data-end=\"1093\">\n<p data-start=\"1069\" data-end=\"1093\">Handmade in Portugal;<\/p>\n<\/li>\n<li data-start=\"1067\" data-end=\"1093\">\n<p data-start=\"1069\" data-end=\"1093\"><span style=\"font-size: 16px;\">Machine wash at 30\u00ba on a delicate cycle.<\/span><\/p>\n<\/li>\n<\/ul>\n","protected":false},"featured_media":89850,"comment_status":"closed","ping_status":"closed","template":"","meta":{"site-sidebar-layout":"default","site-content-layout":"","ast-site-content-layout":"default","site-content-style":"default","site-sidebar-style":"default","ast-global-header-display":"","ast-banner-title-visibility":"","ast-main-header-display":"","ast-hfb-above-header-display":"","ast-hfb-below-header-display":"","ast-hfb-mobile-header-display":"","site-post-title":"","ast-breadcrumbs-content":"","ast-featured-img":"","footer-sml-layout":"","ast-disable-related-posts":"","theme-transparent-header-meta":"default","adv-header-id-meta":"","stick-header-meta":"","header-above-stick-meta":"","header-main-stick-meta":"","header-below-stick-meta":"","astra-migrate-meta-layouts":"default","ast-page-background-enabled":"default","ast-page-background-meta":{"desktop":{"background-color":"var(--ast-global-color-4)","background-image":"","background-repeat":"repeat","background-position":"center center","background-size":"auto","background-attachment":"scroll","background-type":"","background-media":"","overlay-type":"","overlay-color":"","overlay-opacity":"","overlay-gradient":""},"tablet":{"background-color":"","background-image":"","background-repeat":"repeat","background-position":"center center","background-size":"auto","background-attachment":"scroll","background-type":"","background-media":"","overlay-type":"","overlay-color":"","overlay-opacity":"","overlay-gradient":""},"mobile":{"background-color":"","background-image":"","background-repeat":"repeat","background-position":"center center","background-size":"auto","background-attachment":"scroll","background-type":"","background-media":"","overlay-type":"","overlay-color":"","overlay-opacity":"","overlay-gradient":""}},"ast-content-background-meta":{"desktop":{"background-color":"var(--ast-global-color-5)","background-image":"","background-repeat":"repeat","background-position":"center center","background-size":"auto","background-attachment":"scroll","background-type":"","background-media":"","overlay-type":"","overlay-color":"","overlay-opacity":"","overlay-gradient":""},"tablet":{"background-color":"var(--ast-global-color-5)","background-image":"","background-repeat":"repeat","background-position":"center center","background-size":"auto","background-attachment":"scroll","background-type":"","background-media":"","overlay-type":"","overlay-color":"","overlay-opacity":"","overlay-gradient":""},"mobile":{"background-color":"var(--ast-global-color-5)","background-image":"","background-repeat":"repeat","background-position":"center center","background-size":"auto","background-attachment":"scroll","background-type":"","background-media":"","overlay-type":"","overlay-color":"","overlay-opacity":"","overlay-gradient":""}}},"product_brand":[],"product_cat":[1279,1281,1325],"product_tag":[],"class_list":{"0":"post-89860","1":"product","2":"type-product","3":"status-publish","4":"has-post-thumbnail","6":"product_cat-baby","7":"product_cat-rompers","8":"product_cat-spring-summer-2026","9":"pa_size-18m-en","10":"pa_size-1y","11":"pa_size-2y","12":"pa_size-6m-en","13":"pa_size-9m-en","14":"desktop-align-center","15":"tablet-align-left","16":"mobile-align-left","18":"first","19":"instock","20":"taxable","21":"shipping-taxable","22":"purchasable","23":"product-type-variable"},"_links":{"self":[{"href":"https:\/\/tictacbabies.com\/en\/wp-json\/wp\/v2\/product\/89860","targetHints":{"allow":["GET"]}}],"collection":[{"href":"https:\/\/tictacbabies.com\/en\/wp-json\/wp\/v2\/product"}],"about":[{"href":"https:\/\/tictacbabies.com\/en\/wp-json\/wp\/v2\/types\/product"}],"replies":[{"embeddable":true,"href":"https:\/\/tictacbabies.com\/en\/wp-json\/wp\/v2\/comments?post=89860"}],"version-history":[{"count":1,"href":"https:\/\/tictacbabies.com\/en\/wp-json\/wp\/v2\/product\/89860\/revisions"}],"predecessor-version":[{"id":90376,"href":"https:\/\/tictacbabies.com\/en\/wp-json\/wp\/v2\/product\/89860\/revisions\/90376"}],"wp:featuredmedia":[{"embeddable":true,"href":"https:\/\/tictacbabies.com\/en\/wp-json\/wp\/v2\/media\/89850"}],"wp:attachment":[{"href":"https:\/\/tictacbabies.com\/en\/wp-json\/wp\/v2\/media?parent=89860"}],"wp:term":[{"taxonomy":"product_brand","embeddable":true,"href":"https:\/\/tictacbabies.com\/en\/wp-json\/wp\/v2\/product_brand?post=89860"},{"taxonomy":"product_cat","embeddable":true,"href":"https:\/\/tictacbabies.com\/en\/wp-json\/wp\/v2\/product_cat?post=89860"},{"taxonomy":"product_tag","embeddable":true,"href":"https:\/\/tictacbabies.com\/en\/wp-json\/wp\/v2\/product_tag?post=89860"}],"curies":[{"name":"wp","href":"https:\/\/api.w.org\/{rel}","templated":true}]}}