{"id":90721,"date":"2026-04-24T08:05:31","date_gmt":"2026-04-24T08:05:31","guid":{"rendered":"https:\/\/tictacbabies.com\/?post_type=product&#038;p=90721"},"modified":"2026-04-24T08:05:31","modified_gmt":"2026-04-24T08:05:31","slug":"bordeaux-gingham-shorts-copy","status":"publish","type":"product","link":"https:\/\/tictacbabies.com\/en\/shop\/bordeaux-gingham-shorts-copy\/","title":{"rendered":"Striped shorts"},"content":{"rendered":"<p>Boys\u2019 red and white striped shorts that combine classic style with maximum comfort. With a straight, elegant cut, they are ideal for special days or for a more polished everyday look. These shorts match the dress and romper.<\/p>\n","protected":false},"excerpt":{"rendered":"<p data-start=\"321\" data-end=\"603\">These red and white striped shorts are a classic and timeless piece, designed for the milder and brighter days of the season. With a simple, elegant cut, they stand out for the lightness of the fabric and the delicate pattern, which gives them a refined and charming look.<\/p>\n<p data-start=\"605\" data-end=\"844\">Comfortable and versatile, these shorts are ideal for pairing with the sailor collection. A practical and stylish piece, perfect for spring and summer days with comfort and elegance.<\/p>\n<p>Cal\u00e7\u00f5es \u00e1s riscas:<\/p>\n<ul>\n<li data-start=\"660\" data-end=\"702\">\n<p data-start=\"662\" data-end=\"702\">100% cotton;<\/p>\n<\/li>\n<li data-start=\"703\" data-end=\"739\">\n<p data-start=\"705\" data-end=\"739\">The shorts are lined;<\/p>\n<\/li>\n<li data-start=\"740\" data-end=\"765\">\n<p data-start=\"742\" data-end=\"765\">Handmade in Portugal.<\/p>\n<\/li>\n<\/ul>\n","protected":false},"featured_media":90713,"comment_status":"closed","ping_status":"closed","template":"","meta":{"site-sidebar-layout":"default","site-content-layout":"","ast-site-content-layout":"default","site-content-style":"default","site-sidebar-style":"default","ast-global-header-display":"","ast-banner-title-visibility":"","ast-main-header-display":"","ast-hfb-above-header-display":"","ast-hfb-below-header-display":"","ast-hfb-mobile-header-display":"","site-post-title":"","ast-breadcrumbs-content":"","ast-featured-img":"","footer-sml-layout":"","ast-disable-related-posts":"","theme-transparent-header-meta":"default","adv-header-id-meta":"","stick-header-meta":"","header-above-stick-meta":"","header-main-stick-meta":"","header-below-stick-meta":"","astra-migrate-meta-layouts":"default","ast-page-background-enabled":"default","ast-page-background-meta":{"desktop":{"background-color":"var(--ast-global-color-4)","background-image":"","background-repeat":"repeat","background-position":"center center","background-size":"auto","background-attachment":"scroll","background-type":"","background-media":"","overlay-type":"","overlay-color":"","overlay-opacity":"","overlay-gradient":""},"tablet":{"background-color":"","background-image":"","background-repeat":"repeat","background-position":"center center","background-size":"auto","background-attachment":"scroll","background-type":"","background-media":"","overlay-type":"","overlay-color":"","overlay-opacity":"","overlay-gradient":""},"mobile":{"background-color":"","background-image":"","background-repeat":"repeat","background-position":"center center","background-size":"auto","background-attachment":"scroll","background-type":"","background-media":"","overlay-type":"","overlay-color":"","overlay-opacity":"","overlay-gradient":""}},"ast-content-background-meta":{"desktop":{"background-color":"var(--ast-global-color-5)","background-image":"","background-repeat":"repeat","background-position":"center center","background-size":"auto","background-attachment":"scroll","background-type":"","background-media":"","overlay-type":"","overlay-color":"","overlay-opacity":"","overlay-gradient":""},"tablet":{"background-color":"var(--ast-global-color-5)","background-image":"","background-repeat":"repeat","background-position":"center center","background-size":"auto","background-attachment":"scroll","background-type":"","background-media":"","overlay-type":"","overlay-color":"","overlay-opacity":"","overlay-gradient":""},"mobile":{"background-color":"var(--ast-global-color-5)","background-image":"","background-repeat":"repeat","background-position":"center center","background-size":"auto","background-attachment":"scroll","background-type":"","background-media":"","overlay-type":"","overlay-color":"","overlay-opacity":"","overlay-gradient":""}}},"product_brand":[],"product_cat":[1299,1301,1325],"product_tag":[],"class_list":{"0":"post-90721","1":"product","2":"type-product","3":"status-publish","4":"has-post-thumbnail","6":"product_cat-boy","7":"product_cat-shorts","8":"product_cat-spring-summer-2026","9":"pa_tamanho-3y","10":"pa_tamanho-4y-en","11":"pa_tamanho-6y","12":"pa_tamanho-8y","13":"desktop-align-center","14":"tablet-align-left","15":"mobile-align-left","17":"first","18":"instock","19":"taxable","20":"shipping-taxable","21":"purchasable","22":"product-type-variable"},"_links":{"self":[{"href":"https:\/\/tictacbabies.com\/en\/wp-json\/wp\/v2\/product\/90721","targetHints":{"allow":["GET"]}}],"collection":[{"href":"https:\/\/tictacbabies.com\/en\/wp-json\/wp\/v2\/product"}],"about":[{"href":"https:\/\/tictacbabies.com\/en\/wp-json\/wp\/v2\/types\/product"}],"replies":[{"embeddable":true,"href":"https:\/\/tictacbabies.com\/en\/wp-json\/wp\/v2\/comments?post=90721"}],"version-history":[{"count":1,"href":"https:\/\/tictacbabies.com\/en\/wp-json\/wp\/v2\/product\/90721\/revisions"}],"predecessor-version":[{"id":90736,"href":"https:\/\/tictacbabies.com\/en\/wp-json\/wp\/v2\/product\/90721\/revisions\/90736"}],"wp:featuredmedia":[{"embeddable":true,"href":"https:\/\/tictacbabies.com\/en\/wp-json\/wp\/v2\/media\/90713"}],"wp:attachment":[{"href":"https:\/\/tictacbabies.com\/en\/wp-json\/wp\/v2\/media?parent=90721"}],"wp:term":[{"taxonomy":"product_brand","embeddable":true,"href":"https:\/\/tictacbabies.com\/en\/wp-json\/wp\/v2\/product_brand?post=90721"},{"taxonomy":"product_cat","embeddable":true,"href":"https:\/\/tictacbabies.com\/en\/wp-json\/wp\/v2\/product_cat?post=90721"},{"taxonomy":"product_tag","embeddable":true,"href":"https:\/\/tictacbabies.com\/en\/wp-json\/wp\/v2\/product_tag?post=90721"}],"curies":[{"name":"wp","href":"https:\/\/api.w.org\/{rel}","templated":true}]}}